{"id":1004,"date":"2023-12-03T20:46:56","date_gmt":"2023-12-03T19:46:56","guid":{"rendered":"https:\/\/schulhunde-mv.de\/?page_id=1004"},"modified":"2024-01-10T16:56:21","modified_gmt":"2024-01-10T15:56:21","slug":"standarts-und-richtlinien","status":"publish","type":"page","link":"https:\/\/schulhunde-mv.de\/?page_id=1004","title":{"rendered":"Standards und Richtlinien"},"content":{"rendered":"\n<p><strong>Unsere Standards und Richtlinien<\/strong><\/p>\n\n\n\n<p>Du m\u00f6chtest Mitglied werden?<\/p>\n\n\n\n<p>Wir sind ein vom <a href=\"https:\/\/schulhunde-mv.de\/?page_id=275\">Qualit\u00e4tsnetzwerk f\u00fcr <\/a><a href=\"https:\/\/schulhunde-mv.de\/?page_id=275\" target=\"_blank\" rel=\"noreferrer noopener\">Schulbegleithunde e.V.<\/a> (QNS) anerkannter Arbeitskreis `Schulhund`, sind deutschlandweit vernetzt und orientieren uns an den geltenden Richtlinien f\u00fcr den Schulhund-Einsatz, die das <a href=\"https:\/\/schulhundweb.de\/?title=Selbstverpflichtung\">Schulhundweb<\/a> und das Qualit\u00e4tsnetzwerk f\u00fcr Schulbegleithunde e.V. im Rahmen der\u00a0<a href=\"https:\/\/schulhunde-mv.de\/wp-content\/uploads\/2023\/12\/Selbstverpflichtung-Schulhundweb-2022.pdf\">Selbstverpflichtung<\/a> entwickelt haben. Diese beinhalten ebenfalls die Handlungsempfehlungen der <a href=\"https:\/\/schulhunde-mv.de\/wp-content\/uploads\/2024\/01\/Voraussetzungen-Richtlininen-0-RiSU.png\">Richtlinie zur Sicherheit im Unterricht<\/a> (RiSU, 2023, S. 111), welche durch die Kultusministerkonferenz (KMK) in Form von Voraussetzungen f\u00fcr den Einsatz von Hunden in der Schule formuliert und herausgegeben wurden.<\/p>\n\n\n\n<p>Die Arbeitskreise `Schulhund` sind deutschlandweit \u00fcber das Qualit\u00e4tsnetzwerk f\u00fcr Schulbegleithunde e.V. vernetzt:<\/p>\n\n\n\n<p><a href=\"https:\/\/schulbegleithunde.de\/aks-schulhund\/\">https:\/\/schulbegleithunde.de\/aks-schulhund\/<\/a><\/p>\n\n\n\n<p>Der Fokus muss hierbei nicht ausschlie\u00dflich auf dem Schulhund liegen, sondern betrifft auch alle anderen sozialen Einrichtungen und Vereine, bei denen Tiere zum Einsatz kommen. Dar\u00fcber hinaus gelten diese Standards nicht nur f\u00fcr den Einsatz von Hunden, sondern f\u00fcr alle Tiere, die in der tiergest\u00fctzten Arbeit eingesetzt werden. Gegebenenfalls m\u00fcssen die Voraussetzungen und Richtlinien entsprechend angepasst werden.<\/p>\n\n\n\n<p>Wir freuen uns \u00fcber aktives Mitwirken und rege Teilnahme an unseren Veranstaltungen. Vor allem w\u00fcnschen wir uns ein einheitliches Vorgehen nach den im Folgenden formulierten Richtlinien mit dem Ziel von Qualit\u00e4t und Sicherheit beim Einsatz von Tieren im Rahmen tiergest\u00fctzter Interventionen:<\/p>\n\n\n\n<figure class=\"wp-block-image size-large\"><img loading=\"lazy\" decoding=\"async\" width=\"1024\" height=\"491\" src=\"https:\/\/schulhunde-mv.de\/wp-content\/uploads\/2023\/12\/Voraussetzungen-Richtlininen-1-Allgemein-1024x491.png\" alt=\"\" class=\"wp-image-1040\" srcset=\"https:\/\/schulhunde-mv.de\/wp-content\/uploads\/2023\/12\/Voraussetzungen-Richtlininen-1-Allgemein-1024x491.png 1024w, https:\/\/schulhunde-mv.de\/wp-content\/uploads\/2023\/12\/Voraussetzungen-Richtlininen-1-Allgemein-300x144.png 300w, https:\/\/schulhunde-mv.de\/wp-content\/uploads\/2023\/12\/Voraussetzungen-Richtlininen-1-Allgemein-768x368.png 768w, https:\/\/schulhunde-mv.de\/wp-content\/uploads\/2023\/12\/Voraussetzungen-Richtlininen-1-Allgemein-1536x737.png 1536w, https:\/\/schulhunde-mv.de\/wp-content\/uploads\/2023\/12\/Voraussetzungen-Richtlininen-1-Allgemein-1568x752.png 1568w, https:\/\/schulhunde-mv.de\/wp-content\/uploads\/2023\/12\/Voraussetzungen-Richtlininen-1-Allgemein.png 1912w\" sizes=\"(max-width: 1024px) 100vw, 1024px\" \/><\/figure>\n\n\n\n<figure class=\"wp-block-image size-large\"><img loading=\"lazy\" decoding=\"async\" width=\"1024\" height=\"383\" src=\"https:\/\/schulhunde-mv.de\/wp-content\/uploads\/2023\/12\/Voraussetzungen-Richtlininen-2-Mensch-Hund-Team-Kopie-1024x383.png\" alt=\"\" class=\"wp-image-1172\" srcset=\"https:\/\/schulhunde-mv.de\/wp-content\/uploads\/2023\/12\/Voraussetzungen-Richtlininen-2-Mensch-Hund-Team-Kopie-1024x383.png 1024w, https:\/\/schulhunde-mv.de\/wp-content\/uploads\/2023\/12\/Voraussetzungen-Richtlininen-2-Mensch-Hund-Team-Kopie-300x112.png 300w, https:\/\/schulhunde-mv.de\/wp-content\/uploads\/2023\/12\/Voraussetzungen-Richtlininen-2-Mensch-Hund-Team-Kopie-768x287.png 768w, https:\/\/schulhunde-mv.de\/wp-content\/uploads\/2023\/12\/Voraussetzungen-Richtlininen-2-Mensch-Hund-Team-Kopie-1536x574.png 1536w, https:\/\/schulhunde-mv.de\/wp-content\/uploads\/2023\/12\/Voraussetzungen-Richtlininen-2-Mensch-Hund-Team-Kopie-1568x586.png 1568w, https:\/\/schulhunde-mv.de\/wp-content\/uploads\/2023\/12\/Voraussetzungen-Richtlininen-2-Mensch-Hund-Team-Kopie.png 1919w\" sizes=\"(max-width: 1024px) 100vw, 1024px\" \/><\/figure>\n\n\n\n<figure class=\"wp-block-image size-large\"><img loading=\"lazy\" decoding=\"async\" width=\"1024\" height=\"621\" src=\"https:\/\/schulhunde-mv.de\/wp-content\/uploads\/2023\/12\/Voraussetzungen-Richtlininen-3-Der-Einsatz-1-Kopie-1-1024x621.png\" alt=\"\" class=\"wp-image-1184\" srcset=\"https:\/\/schulhunde-mv.de\/wp-content\/uploads\/2023\/12\/Voraussetzungen-Richtlininen-3-Der-Einsatz-1-Kopie-1-1024x621.png 1024w, https:\/\/schulhunde-mv.de\/wp-content\/uploads\/2023\/12\/Voraussetzungen-Richtlininen-3-Der-Einsatz-1-Kopie-1-300x182.png 300w, https:\/\/schulhunde-mv.de\/wp-content\/uploads\/2023\/12\/Voraussetzungen-Richtlininen-3-Der-Einsatz-1-Kopie-1-768x466.png 768w, https:\/\/schulhunde-mv.de\/wp-content\/uploads\/2023\/12\/Voraussetzungen-Richtlininen-3-Der-Einsatz-1-Kopie-1-1536x932.png 1536w, https:\/\/schulhunde-mv.de\/wp-content\/uploads\/2023\/12\/Voraussetzungen-Richtlininen-3-Der-Einsatz-1-Kopie-1-1568x951.png 1568w, https:\/\/schulhunde-mv.de\/wp-content\/uploads\/2023\/12\/Voraussetzungen-Richtlininen-3-Der-Einsatz-1-Kopie-1.png 1920w\" sizes=\"(max-width: 1024px) 100vw, 1024px\" \/><\/figure>\n\n\n\n<hr class=\"wp-block-separator has-alpha-channel-opacity\"\/>\n\n\n\n<figure class=\"wp-block-image size-large\"><img loading=\"lazy\" decoding=\"async\" width=\"1024\" height=\"658\" src=\"https:\/\/schulhunde-mv.de\/wp-content\/uploads\/2023\/12\/Voraussetzungen-Richtlininen-4-Ausbildungsstandards-1024x658.png\" alt=\"\" class=\"wp-image-1036\" srcset=\"https:\/\/schulhunde-mv.de\/wp-content\/uploads\/2023\/12\/Voraussetzungen-Richtlininen-4-Ausbildungsstandards-1024x658.png 1024w, https:\/\/schulhunde-mv.de\/wp-content\/uploads\/2023\/12\/Voraussetzungen-Richtlininen-4-Ausbildungsstandards-300x193.png 300w, https:\/\/schulhunde-mv.de\/wp-content\/uploads\/2023\/12\/Voraussetzungen-Richtlininen-4-Ausbildungsstandards-768x493.png 768w, https:\/\/schulhunde-mv.de\/wp-content\/uploads\/2023\/12\/Voraussetzungen-Richtlininen-4-Ausbildungsstandards.png 1361w\" sizes=\"(max-width: 1024px) 100vw, 1024px\" \/><\/figure>\n\n\n\n<figure class=\"wp-block-image size-large\"><img loading=\"lazy\" decoding=\"async\" width=\"1024\" height=\"485\" src=\"https:\/\/schulhunde-mv.de\/wp-content\/uploads\/2023\/12\/Voraussetzungen-Richtlininen-5-Akkreditierte-Anerkannte-Ausbildungen-1024x485.png\" alt=\"\" class=\"wp-image-1037\" srcset=\"https:\/\/schulhunde-mv.de\/wp-content\/uploads\/2023\/12\/Voraussetzungen-Richtlininen-5-Akkreditierte-Anerkannte-Ausbildungen-1024x485.png 1024w, https:\/\/schulhunde-mv.de\/wp-content\/uploads\/2023\/12\/Voraussetzungen-Richtlininen-5-Akkreditierte-Anerkannte-Ausbildungen-300x142.png 300w, https:\/\/schulhunde-mv.de\/wp-content\/uploads\/2023\/12\/Voraussetzungen-Richtlininen-5-Akkreditierte-Anerkannte-Ausbildungen-768x364.png 768w, https:\/\/schulhunde-mv.de\/wp-content\/uploads\/2023\/12\/Voraussetzungen-Richtlininen-5-Akkreditierte-Anerkannte-Ausbildungen-1536x727.png 1536w, https:\/\/schulhunde-mv.de\/wp-content\/uploads\/2023\/12\/Voraussetzungen-Richtlininen-5-Akkreditierte-Anerkannte-Ausbildungen-1568x742.png 1568w, https:\/\/schulhunde-mv.de\/wp-content\/uploads\/2023\/12\/Voraussetzungen-Richtlininen-5-Akkreditierte-Anerkannte-Ausbildungen.png 1918w\" sizes=\"(max-width: 1024px) 100vw, 1024px\" \/><\/figure>\n","protected":false},"excerpt":{"rendered":"<p>Unsere Standards und Richtlinien Du m\u00f6chtest Mitglied werden? Wir sind ein vom Qualit\u00e4tsnetzwerk f\u00fcr Schulbegleithunde e.V. (QNS) anerkannter Arbeitskreis `Schulhund`, sind deutschlandweit vernetzt und orientieren uns an den geltenden Richtlinien f\u00fcr den Schulhund-Einsatz, die das Schulhundweb und das Qualit\u00e4tsnetzwerk f\u00fcr Schulbegleithunde e.V. im Rahmen der\u00a0Selbstverpflichtung entwickelt haben. Diese beinhalten ebenfalls die Handlungsempfehlungen der Richtlinie zur [&hellip;]<\/p>\n","protected":false},"author":1,"featured_media":0,"parent":0,"menu_order":0,"comment_status":"closed","ping_status":"closed","template":"","meta":{"footnotes":""},"class_list":["post-1004","page","type-page","status-publish","hentry"],"_links":{"self":[{"href":"https:\/\/schulhunde-mv.de\/index.php?rest_route=\/wp\/v2\/pages\/1004","targetHints":{"allow":["GET"]}}],"collection":[{"href":"https:\/\/schulhunde-mv.de\/index.php?rest_route=\/wp\/v2\/pages"}],"about":[{"href":"https:\/\/schulhunde-mv.de\/index.php?rest_route=\/wp\/v2\/types\/page"}],"author":[{"embeddable":true,"href":"https:\/\/schulhunde-mv.de\/index.php?rest_route=\/wp\/v2\/users\/1"}],"replies":[{"embeddable":true,"href":"https:\/\/schulhunde-mv.de\/index.php?rest_route=%2Fwp%2Fv2%2Fcomments&post=1004"}],"version-history":[{"count":25,"href":"https:\/\/schulhunde-mv.de\/index.php?rest_route=\/wp\/v2\/pages\/1004\/revisions"}],"predecessor-version":[{"id":1199,"href":"https:\/\/schulhunde-mv.de\/index.php?rest_route=\/wp\/v2\/pages\/1004\/revisions\/1199"}],"wp:attachment":[{"href":"https:\/\/schulhunde-mv.de\/index.php?rest_route=%2Fwp%2Fv2%2Fmedia&parent=1004"}],"curies":[{"name":"wp","href":"https:\/\/api.w.org\/{rel}","templated":true}]}}