{"id":1010,"date":"2023-12-03T20:48:59","date_gmt":"2023-12-03T19:48:59","guid":{"rendered":"https:\/\/schulhunde-mv.de\/?page_id=1010"},"modified":"2024-04-28T15:22:23","modified_gmt":"2024-04-28T13:22:23","slug":"meine-person","status":"publish","type":"page","link":"https:\/\/schulhunde-mv.de\/?page_id=1010","title":{"rendered":"Zu meiner Person"},"content":{"rendered":"\n<figure class=\"wp-block-image size-large\"><img loading=\"lazy\" decoding=\"async\" width=\"1024\" height=\"1024\" src=\"https:\/\/schulhunde-mv.de\/wp-content\/uploads\/2023\/12\/Bild-4-Carolin-Hansen-3-Zu-meiner-Person-Carolin-Hansen-Yara-Fae-1024x1024.jpeg\" alt=\"\" class=\"wp-image-909\" srcset=\"https:\/\/schulhunde-mv.de\/wp-content\/uploads\/2023\/12\/Bild-4-Carolin-Hansen-3-Zu-meiner-Person-Carolin-Hansen-Yara-Fae-1024x1024.jpeg 1024w, https:\/\/schulhunde-mv.de\/wp-content\/uploads\/2023\/12\/Bild-4-Carolin-Hansen-3-Zu-meiner-Person-Carolin-Hansen-Yara-Fae-300x300.jpeg 300w, https:\/\/schulhunde-mv.de\/wp-content\/uploads\/2023\/12\/Bild-4-Carolin-Hansen-3-Zu-meiner-Person-Carolin-Hansen-Yara-Fae-150x150.jpeg 150w, https:\/\/schulhunde-mv.de\/wp-content\/uploads\/2023\/12\/Bild-4-Carolin-Hansen-3-Zu-meiner-Person-Carolin-Hansen-Yara-Fae-768x768.jpeg 768w, https:\/\/schulhunde-mv.de\/wp-content\/uploads\/2023\/12\/Bild-4-Carolin-Hansen-3-Zu-meiner-Person-Carolin-Hansen-Yara-Fae-1536x1536.jpeg 1536w, https:\/\/schulhunde-mv.de\/wp-content\/uploads\/2023\/12\/Bild-4-Carolin-Hansen-3-Zu-meiner-Person-Carolin-Hansen-Yara-Fae-1568x1569.jpeg 1568w, https:\/\/schulhunde-mv.de\/wp-content\/uploads\/2023\/12\/Bild-4-Carolin-Hansen-3-Zu-meiner-Person-Carolin-Hansen-Yara-Fae.jpeg 2000w\" sizes=\"(max-width: 1024px) 100vw, 1024px\" \/><\/figure>\n\n\n\n<p>Mein Name ist Carolin Hansen, ich bin hauptberuflich als Sonderp\u00e4dagogin an der K\u00fcstenschule Rostock t\u00e4tig \u2013 eine Schule mit dem F\u00f6rderschwerpunkt emotionale und soziale Entwicklung \u2013 und seit 2013 mit Schulhunden im Mensch-Hund-Team aktiv. Ich habe an der Universit\u00e4t Rostock Lehramt f\u00fcr Sonderp\u00e4dagogik mit den F\u00f6rderschwerpunkten `Emotionale und Soziale Entwicklung` sowie `Lernen` studiert und leite seit 2019 zusammen mit Anne Jahnke den Arbeitskreis `Schulhund` Mecklenburg-Vorpommern. Ich bin au\u00dferdem als vom Qualit\u00e4tsnetzwerk f\u00fcr Schulbegleithunde e.V. (QNS) anerkanntes Mensch-Hund-Team nebenberuflich selbstst\u00e4ndig sowie als anerkannte Dozentin im Bereich der Tiergest\u00fctzten P\u00e4dagogik t\u00e4tig. Seit dem Schuljahr 2023\/2024 stehe ich in der Funktion als Koordinatorin f\u00fcr `Tiergest\u00fctzte P\u00e4dagogik` am Staatlichen Schulamt Rostock als Ansprechpartnerin zur Verf\u00fcgung.<\/p>\n\n\n\n<p>Bei Beratungsbedarf oder bei Interesse, mich als Referentin f\u00fcr den Bereich `Tiergest\u00fctzte P\u00e4dagogik` anzufragen, melden Sie sich gern unter folgenden Kontaktm\u00f6glichkeiten:<\/p>\n\n\n\n<p>       <strong>Kontakt<\/strong>: <\/p>\n\n\n\n<div class=\"wp-block-media-text has-media-on-the-right is-stacked-on-mobile\" style=\"grid-template-columns:auto 44%\"><div class=\"wp-block-media-text__content\">\n<p>carolin.hansen.tp@gmail.com 0381 \/ 37 57 16 57<\/p>\n<\/div><figure class=\"wp-block-media-text__media\"><img loading=\"lazy\" decoding=\"async\" width=\"301\" height=\"211\" src=\"https:\/\/schulhunde-mv.de\/wp-content\/uploads\/2023\/12\/Bild-5-Carolin-Hansen-3-Zu-meiner-Person-TP-Kontakt-1.png\" alt=\"\" class=\"wp-image-1023 size-full\"\/><\/figure><\/div>\n\n\n\n<p>Website: <a href=\"https:\/\/www.kuestenschule-rostock.de\/projekte\/tiergest%C3%BCtzte-p%C3%A4dagogik\/\" target=\"_blank\" rel=\"noreferrer noopener\">www.kuestenschule-rostock.de\/carolin_hansen<\/a><\/p>\n","protected":false},"excerpt":{"rendered":"<p>Mein Name ist Carolin Hansen, ich bin hauptberuflich als Sonderp\u00e4dagogin an der K\u00fcstenschule Rostock t\u00e4tig \u2013 eine Schule mit dem F\u00f6rderschwerpunkt emotionale und soziale Entwicklung \u2013 und seit 2013 mit Schulhunden im Mensch-Hund-Team aktiv. Ich habe an der Universit\u00e4t Rostock Lehramt f\u00fcr Sonderp\u00e4dagogik mit den F\u00f6rderschwerpunkten `Emotionale und Soziale Entwicklung` sowie `Lernen` studiert und leite [&hellip;]<\/p>\n","protected":false},"author":1,"featured_media":0,"parent":0,"menu_order":0,"comment_status":"closed","ping_status":"closed","template":"","meta":{"footnotes":""},"class_list":["post-1010","page","type-page","status-publish","hentry"],"_links":{"self":[{"href":"https:\/\/schulhunde-mv.de\/index.php?rest_route=\/wp\/v2\/pages\/1010","targetHints":{"allow":["GET"]}}],"collection":[{"href":"https:\/\/schulhunde-mv.de\/index.php?rest_route=\/wp\/v2\/pages"}],"about":[{"href":"https:\/\/schulhunde-mv.de\/index.php?rest_route=\/wp\/v2\/types\/page"}],"author":[{"embeddable":true,"href":"https:\/\/schulhunde-mv.de\/index.php?rest_route=\/wp\/v2\/users\/1"}],"replies":[{"embeddable":true,"href":"https:\/\/schulhunde-mv.de\/index.php?rest_route=%2Fwp%2Fv2%2Fcomments&post=1010"}],"version-history":[{"count":15,"href":"https:\/\/schulhunde-mv.de\/index.php?rest_route=\/wp\/v2\/pages\/1010\/revisions"}],"predecessor-version":[{"id":1379,"href":"https:\/\/schulhunde-mv.de\/index.php?rest_route=\/wp\/v2\/pages\/1010\/revisions\/1379"}],"wp:attachment":[{"href":"https:\/\/schulhunde-mv.de\/index.php?rest_route=%2Fwp%2Fv2%2Fmedia&parent=1010"}],"curies":[{"name":"wp","href":"https:\/\/api.w.org\/{rel}","templated":true}]}}