{"id":1061,"date":"2023-12-04T15:31:32","date_gmt":"2023-12-04T14:31:32","guid":{"rendered":"https:\/\/schulhunde-mv.de\/?page_id=1061"},"modified":"2023-12-04T17:08:09","modified_gmt":"2023-12-04T16:08:09","slug":"mein-anliegen","status":"publish","type":"page","link":"https:\/\/schulhunde-mv.de\/?page_id=1061","title":{"rendered":"Zu meinem Anliegen"},"content":{"rendered":"\n<p>Tiergest\u00fctzte Interventionen gewinnen in vielen Bereichen unserer Gesellschaft zunehmend\u00a0an Bedeutung. Sie sind Gegenstand in Forschung und Lehre, erfahren viel mediale Aufmerksamkeit und sto\u00dfen gerade in der P\u00e4dagogik auf gro\u00dfe Resonanz. Besonders im Kontext `Schule`\u00a0werden h\u00e4ufig Hunde eingesetzt, da kein anderes l Haustier so flexibel und intensiv an uns Menschen und unsere Lebensweise angepasst ist. In diesem Zusammenhang ist auch der Begriff Hundegest\u00fctzte P\u00e4dagogik entstanden. Viele der damit assoziierten positiven Effekte sind ebenso auf andere Tierarten \u00fcbertragbar.\u00a0<\/p>\n\n\n\n<p>Die M\u00f6glichkeiten, die sich\u00a0- gerade\u00a0mit dem Einsatz eines Schulhundes ergeben\u00a0-\u00a0sind vielf\u00e4ltig. Oft bestehen rechtliche Fragen oder Unsicherheiten bez\u00fcglich der Voraussetzungen und der Rahmenbedingungen sowie der Ausbildungssituation und der Herangehensweise zur Einf\u00fchrung eines Schulhundes. Es ist dabei von gro\u00dfer Bedeutung, M\u00f6glichkeiten, aber auchHerausforderungen und Grenzen des Einsatzes zu bedenken. Hier muss der Fokus nicht nur\u00a0auf dem Gewinn und der Sicherheit f\u00fcr die Sch\u00fclerinnen und Sch\u00fcler liegen, sondern auch auf dem Mehrwert und dem Schutz f\u00fcr das eingesetzte Tier.<\/p>\n\n\n\n<figure class=\"wp-block-image size-large\"><img loading=\"lazy\" decoding=\"async\" width=\"1024\" height=\"912\" src=\"https:\/\/schulhunde-mv.de\/wp-content\/uploads\/2023\/12\/Bild-2-Carolin-Hansen-2-Zu-meinem-Anliegen-1024x912.png\" alt=\"\" class=\"wp-image-902\" srcset=\"https:\/\/schulhunde-mv.de\/wp-content\/uploads\/2023\/12\/Bild-2-Carolin-Hansen-2-Zu-meinem-Anliegen-1024x912.png 1024w, https:\/\/schulhunde-mv.de\/wp-content\/uploads\/2023\/12\/Bild-2-Carolin-Hansen-2-Zu-meinem-Anliegen-300x267.png 300w, https:\/\/schulhunde-mv.de\/wp-content\/uploads\/2023\/12\/Bild-2-Carolin-Hansen-2-Zu-meinem-Anliegen-768x684.png 768w, https:\/\/schulhunde-mv.de\/wp-content\/uploads\/2023\/12\/Bild-2-Carolin-Hansen-2-Zu-meinem-Anliegen.png 1414w\" sizes=\"(max-width: 1024px) 100vw, 1024px\" \/><\/figure>\n","protected":false},"excerpt":{"rendered":"<p>Tiergest\u00fctzte Interventionen gewinnen in vielen Bereichen unserer Gesellschaft zunehmend\u00a0an Bedeutung. Sie sind Gegenstand in Forschung und Lehre, erfahren viel mediale Aufmerksamkeit und sto\u00dfen gerade in der P\u00e4dagogik auf gro\u00dfe Resonanz. Besonders im Kontext `Schule`\u00a0werden h\u00e4ufig Hunde eingesetzt, da kein anderes l Haustier so flexibel und intensiv an uns Menschen und unsere Lebensweise angepasst ist. In [&hellip;]<\/p>\n","protected":false},"author":1,"featured_media":0,"parent":0,"menu_order":0,"comment_status":"closed","ping_status":"closed","template":"","meta":{"footnotes":""},"class_list":["post-1061","page","type-page","status-publish","hentry"],"_links":{"self":[{"href":"https:\/\/schulhunde-mv.de\/index.php?rest_route=\/wp\/v2\/pages\/1061","targetHints":{"allow":["GET"]}}],"collection":[{"href":"https:\/\/schulhunde-mv.de\/index.php?rest_route=\/wp\/v2\/pages"}],"about":[{"href":"https:\/\/schulhunde-mv.de\/index.php?rest_route=\/wp\/v2\/types\/page"}],"author":[{"embeddable":true,"href":"https:\/\/schulhunde-mv.de\/index.php?rest_route=\/wp\/v2\/users\/1"}],"replies":[{"embeddable":true,"href":"https:\/\/schulhunde-mv.de\/index.php?rest_route=%2Fwp%2Fv2%2Fcomments&post=1061"}],"version-history":[{"count":8,"href":"https:\/\/schulhunde-mv.de\/index.php?rest_route=\/wp\/v2\/pages\/1061\/revisions"}],"predecessor-version":[{"id":1089,"href":"https:\/\/schulhunde-mv.de\/index.php?rest_route=\/wp\/v2\/pages\/1061\/revisions\/1089"}],"wp:attachment":[{"href":"https:\/\/schulhunde-mv.de\/index.php?rest_route=%2Fwp%2Fv2%2Fmedia&parent=1061"}],"curies":[{"name":"wp","href":"https:\/\/api.w.org\/{rel}","templated":true}]}}