{"id":275,"date":"2023-06-02T21:39:28","date_gmt":"2023-06-02T19:39:28","guid":{"rendered":"https:\/\/schulhunde-mv.de\/?page_id=275"},"modified":"2023-10-21T21:04:02","modified_gmt":"2023-10-21T19:04:02","slug":"qns-broschueren","status":"publish","type":"page","link":"https:\/\/schulhunde-mv.de\/?page_id=275","title":{"rendered":"Qualit\u00e4tsnetzwerk f\u00fcr Schulbegleithunde e.V"},"content":{"rendered":"\n<p class=\"has-text-align-left\">Der gemeinn\u00fctzige Verein&nbsp;<strong>\u201eQualit\u00e4tsnetzwerk Schulbegleithunde e.V.\u201c<\/strong>&nbsp;versteht sich als kompetenter Ansprechpartner zur Hundegest\u00fctzten P\u00e4dagogik im schulischen Bereich in Deutschland.<\/p>\n\n\n\n<p>Ziel ist eine Vernetzung der Mensch-Hund-Teams, der Arbeitskreise Schulhund, der Weiterbildungen in dem Bereich und der Austausch und die Kooperation mit Ministerien, Schul\u00e4mtern und Schulleitungen. Auch der Austausch und die Kooperation mit anderen Institutionen im Bereich der Tiergest\u00fctzten Intervention in Deutschland und den Nachbarl\u00e4ndern ist dem Verein wichtig.<\/p>\n\n\n\n<p>Das prim\u00e4re Anliegen ist ein&nbsp;<strong>qualifizierter Einsatz von Mensch-Hund-Teams<\/strong>&nbsp;zum Wohle aller Beteiligten. Dabei muss der Fokus nicht nur auf dem Gewinn und der Sicherheit f\u00fcr die Sch\u00fcler liegen, sondern vor allem auch auf dem Gewinn und dem Schutz der eingesetzten Hunde. Deshalb haben sich alle Mitglieder des QNS&nbsp;<strong>dem Umgang mit den Hunden auf Basis positiver Verst\u00e4rkung verpflichtet.<\/strong><\/p>\n\n\n\n<p>Es geht auch um die Etablierung von einheitlichen und verbindlichen Qualit\u00e4tsstandards im Bereich Hup\u00e4sch in ganz Deutschland. Die bereits 2008 vom Fachkreis Schulhunde in Kassel entwickelte Freiwillige Selbstverpflichtung wurde 2015 vom Fachkreis Schulhunde und dem AK Schulhund-Team-Ausbildung \u00fcberarbeitet und die&nbsp;<strong><a rel=\"noreferrer noopener\" href=\"https:\/\/schulhundweb.de\/index.php?title=Selbstverpflichtung\" target=\"_blank\"><strong>Selbstverpflichtung<\/strong><\/a><\/strong>&nbsp;ist der einzige Qualit\u00e4tsstandard, dem sich Hup\u00e4schler*innen bundesweit im&nbsp;<strong>Schulhundweb<\/strong>&nbsp;anschlie\u00dfen k\u00f6nnen. Diese M\u00f6glichkeit haben zurzeit bereits ca. 550 Kolleg*innen genutzt.<\/p>\n\n\n\n<p>Der Verein hat jetzt mit Orientierung an der SV auch eine&nbsp;<a href=\"https:\/\/schulbegleithunde.de\/wp-content\/uploads\/2018\/08\/SV-DozentInnen-Formular.pdf\" target=\"_blank\" rel=\"noreferrer noopener\"><strong>Dozent*innen-SV<\/strong><\/a>&nbsp;entwickelt, der sich Vereinsmitglieder alternativ anschlie\u00dfen k\u00f6nnen.<\/p>\n\n\n\n<p>Das Qualit\u00e4tsnetzwerk f\u00fcr Schulbegleithunde e.V hat verschiedene Materialien zum Thema Schulbegleithunde herausgegeben, unteranderem folgende Brosch\u00fcren. <\/p>\n\n\n\n<div class=\"wp-block-columns is-layout-flex wp-container-core-columns-is-layout-9d6595d7 wp-block-columns-is-layout-flex\">\n<div class=\"wp-block-column is-layout-flow wp-block-column-is-layout-flow\">\n<figure class=\"wp-block-image size-full is-resized is-style-default\"><a href=\"https:\/\/schulhunde-mv.de\/wp-content\/uploads\/2023\/05\/QNS-Broschuere-Schulleitung.pdf\" target=\"_blank\" rel=\"noreferrer noopener\"><img loading=\"lazy\" decoding=\"async\" width=\"375\" height=\"522\" src=\"https:\/\/schulhunde-mv.de\/wp-content\/uploads\/2023\/06\/5C78FCFF-7857-4166-918F-A409A09EDCFB.jpeg\" alt=\"\" class=\"wp-image-491\" style=\"aspect-ratio:0.7183908045977011;width:174px;height:auto\" srcset=\"https:\/\/schulhunde-mv.de\/wp-content\/uploads\/2023\/06\/5C78FCFF-7857-4166-918F-A409A09EDCFB.jpeg 375w, https:\/\/schulhunde-mv.de\/wp-content\/uploads\/2023\/06\/5C78FCFF-7857-4166-918F-A409A09EDCFB-216x300.jpeg 216w\" sizes=\"(max-width: 375px) 100vw, 375px\" \/><\/a><\/figure>\n<\/div>\n\n\n\n<div class=\"wp-block-column is-layout-flow wp-block-column-is-layout-flow\">\n<figure class=\"wp-block-image size-full is-resized\"><a href=\"https:\/\/schulhunde-mv.de\/wp-content\/uploads\/2023\/05\/QNS-Broschuere-QNS-Mitgliedschaft.pdf\" target=\"_blank\" rel=\"noreferrer noopener\"><img loading=\"lazy\" decoding=\"async\" width=\"397\" height=\"522\" src=\"https:\/\/schulhunde-mv.de\/wp-content\/uploads\/2023\/06\/E1C22A57-AE3D-4342-BB7E-691706C02565.jpeg\" alt=\"\" class=\"wp-image-481\" srcset=\"https:\/\/schulhunde-mv.de\/wp-content\/uploads\/2023\/06\/E1C22A57-AE3D-4342-BB7E-691706C02565.jpeg 397w, https:\/\/schulhunde-mv.de\/wp-content\/uploads\/2023\/06\/E1C22A57-AE3D-4342-BB7E-691706C02565-228x300.jpeg 228w\" sizes=\"(max-width: 397px) 100vw, 397px\" \/><\/a><\/figure>\n<\/div>\n\n\n\n<div class=\"wp-block-column is-layout-flow wp-block-column-is-layout-flow\">\n<figure class=\"wp-block-image size-full is-resized\"><a href=\"https:\/\/schulhunde-mv.de\/wp-content\/uploads\/2023\/05\/QNS-Broschuere-Welpen.pdf\" target=\"_blank\" rel=\"noreferrer noopener\"><img loading=\"lazy\" decoding=\"async\" width=\"405\" height=\"522\" src=\"https:\/\/schulhunde-mv.de\/wp-content\/uploads\/2023\/06\/6DE2C502-2957-406F-9F58-331BA8393032.jpeg\" alt=\"\" class=\"wp-image-496\" style=\"aspect-ratio:0.7758620689655172;width:183px;height:auto\" srcset=\"https:\/\/schulhunde-mv.de\/wp-content\/uploads\/2023\/06\/6DE2C502-2957-406F-9F58-331BA8393032.jpeg 405w, https:\/\/schulhunde-mv.de\/wp-content\/uploads\/2023\/06\/6DE2C502-2957-406F-9F58-331BA8393032-233x300.jpeg 233w\" sizes=\"(max-width: 405px) 100vw, 405px\" \/><\/a><\/figure>\n<\/div>\n<\/div>\n\n\n\n<div class=\"wp-block-columns is-layout-flex wp-container-core-columns-is-layout-9d6595d7 wp-block-columns-is-layout-flex\">\n<div class=\"wp-block-column is-layout-flow wp-block-column-is-layout-flow\">\n<figure class=\"wp-block-image size-full\"><a href=\"https:\/\/schulhunde-mv.de\/wp-content\/uploads\/2023\/05\/QNS-Artikel-Gleichwuerdigkeit-Drees.pdf\" target=\"_blank\" rel=\"noreferrer noopener\"><img loading=\"lazy\" decoding=\"async\" width=\"398\" height=\"522\" src=\"https:\/\/schulhunde-mv.de\/wp-content\/uploads\/2023\/06\/4786A450-F7D6-48ED-9EE7-242441874F24.jpeg\" alt=\"\" class=\"wp-image-499\" srcset=\"https:\/\/schulhunde-mv.de\/wp-content\/uploads\/2023\/06\/4786A450-F7D6-48ED-9EE7-242441874F24.jpeg 398w, https:\/\/schulhunde-mv.de\/wp-content\/uploads\/2023\/06\/4786A450-F7D6-48ED-9EE7-242441874F24-229x300.jpeg 229w\" sizes=\"(max-width: 398px) 100vw, 398px\" \/><\/a><\/figure>\n<\/div>\n\n\n\n<div class=\"wp-block-column is-layout-flow wp-block-column-is-layout-flow\">\n<figure class=\"wp-block-image size-full\"><img loading=\"lazy\" decoding=\"async\" width=\"396\" height=\"522\" src=\"https:\/\/schulhunde-mv.de\/wp-content\/uploads\/2023\/06\/AC48FFEF-211A-45E2-9A13-6DA2395FD851.jpeg\" alt=\"\" class=\"wp-image-504\" srcset=\"https:\/\/schulhunde-mv.de\/wp-content\/uploads\/2023\/06\/AC48FFEF-211A-45E2-9A13-6DA2395FD851.jpeg 396w, https:\/\/schulhunde-mv.de\/wp-content\/uploads\/2023\/06\/AC48FFEF-211A-45E2-9A13-6DA2395FD851-228x300.jpeg 228w\" sizes=\"(max-width: 396px) 100vw, 396px\" \/><\/figure>\n<\/div>\n\n\n\n<div class=\"wp-block-column is-layout-flow wp-block-column-is-layout-flow\"><\/div>\n<\/div>\n\n\n\n<ul class=\"wp-block-list\">\n<li><a href=\"https:\/\/schulhunde-mv.de\/wp-content\/uploads\/2023\/05\/QNS-Artikel-Gleichwuerdigkeit-Drees.pdf\">QNS Artikel Gleichw\u00fcrdigkeit<\/a> <\/li>\n\n\n\n<li><a href=\"https:\/\/schulhunde-mv.de\/wp-content\/uploads\/2023\/06\/Selbstverpflichtung-Schulhundweb-2022.pdf\">Selbstverpflichtung<\/a> des Qualit\u00e4tsnetzwerks f\u00fcr Schulbegleithunde e.V. \/ Schulhundweb (2022)<\/li>\n<\/ul>\n\n\n\n\n\n<p><\/p>\n","protected":false},"excerpt":{"rendered":"<p>Der gemeinn\u00fctzige Verein&nbsp;\u201eQualit\u00e4tsnetzwerk Schulbegleithunde e.V.\u201c&nbsp;versteht sich als kompetenter Ansprechpartner zur Hundegest\u00fctzten P\u00e4dagogik im schulischen Bereich in Deutschland. Ziel ist eine Vernetzung der Mensch-Hund-Teams, der Arbeitskreise Schulhund, der Weiterbildungen in dem Bereich und der Austausch und die Kooperation mit Ministerien, Schul\u00e4mtern und Schulleitungen. Auch der Austausch und die Kooperation mit anderen Institutionen im Bereich der Tiergest\u00fctzten [&hellip;]<\/p>\n","protected":false},"author":1,"featured_media":0,"parent":0,"menu_order":0,"comment_status":"closed","ping_status":"closed","template":"","meta":{"footnotes":""},"class_list":["post-275","page","type-page","status-publish","hentry"],"_links":{"self":[{"href":"https:\/\/schulhunde-mv.de\/index.php?rest_route=\/wp\/v2\/pages\/275","targetHints":{"allow":["GET"]}}],"collection":[{"href":"https:\/\/schulhunde-mv.de\/index.php?rest_route=\/wp\/v2\/pages"}],"about":[{"href":"https:\/\/schulhunde-mv.de\/index.php?rest_route=\/wp\/v2\/types\/page"}],"author":[{"embeddable":true,"href":"https:\/\/schulhunde-mv.de\/index.php?rest_route=\/wp\/v2\/users\/1"}],"replies":[{"embeddable":true,"href":"https:\/\/schulhunde-mv.de\/index.php?rest_route=%2Fwp%2Fv2%2Fcomments&post=275"}],"version-history":[{"count":51,"href":"https:\/\/schulhunde-mv.de\/index.php?rest_route=\/wp\/v2\/pages\/275\/revisions"}],"predecessor-version":[{"id":632,"href":"https:\/\/schulhunde-mv.de\/index.php?rest_route=\/wp\/v2\/pages\/275\/revisions\/632"}],"wp:attachment":[{"href":"https:\/\/schulhunde-mv.de\/index.php?rest_route=%2Fwp%2Fv2%2Fmedia&parent=275"}],"curies":[{"name":"wp","href":"https:\/\/api.w.org\/{rel}","templated":true}]}}