{"id":555,"date":"2023-10-13T20:36:59","date_gmt":"2023-10-13T18:36:59","guid":{"rendered":"https:\/\/schulhunde-mv.de\/?page_id=555"},"modified":"2025-04-05T16:58:11","modified_gmt":"2025-04-05T14:58:11","slug":"carolin-hansen","status":"publish","type":"page","link":"https:\/\/schulhunde-mv.de\/?page_id=555","title":{"rendered":"Carolin Hansen"},"content":{"rendered":"\n<figure class=\"wp-block-image size-full\"><img loading=\"lazy\" decoding=\"async\" width=\"851\" height=\"315\" src=\"https:\/\/schulhunde-mv.de\/wp-content\/uploads\/2023\/12\/Bild-1-Carolin-Hansen-1-Banner.jpeg\" alt=\"\" class=\"wp-image-921\" srcset=\"https:\/\/schulhunde-mv.de\/wp-content\/uploads\/2023\/12\/Bild-1-Carolin-Hansen-1-Banner.jpeg 851w, https:\/\/schulhunde-mv.de\/wp-content\/uploads\/2023\/12\/Bild-1-Carolin-Hansen-1-Banner-300x111.jpeg 300w, https:\/\/schulhunde-mv.de\/wp-content\/uploads\/2023\/12\/Bild-1-Carolin-Hansen-1-Banner-768x284.jpeg 768w\" sizes=\"(max-width: 851px) 100vw, 851px\" \/><\/figure>\n\n\n\n<ul class=\"wp-block-list\">\n<li><a href=\"https:\/\/schulhunde-mv.de\/?page_id=1061\"><strong>Zu meinem Anliegen<\/strong>\u200b\u200b\u200b<\/a><\/li>\n\n\n\n<li><strong><a href=\"https:\/\/schulhunde-mv.de\/?page_id=1010\">Zu meiner Person <\/a><\/strong><\/li>\n\n\n\n<li><strong><a href=\"https:\/\/schulhunde-mv.de\/?page_id=1013\">Zu meinem beruflichen Werdegang<\/a><\/strong><\/li>\n\n\n\n<li><strong><a href=\"https:\/\/schulhunde-mv.de\/?page_id=1016\">Zu meinem Ansatz<\/a><\/strong><\/li>\n<\/ul>\n\n\n\n<p>Bei Beratungsbedarf oder bei Interesse, mich als Referentin f\u00fcr den Bereich `Tiergest\u00fctzte P\u00e4dagogik` anzufragen, melden Sie sich gern unter folgenden Kontaktm\u00f6glichkeiten:<\/p>\n\n\n\n<div class=\"wp-block-columns are-vertically-aligned-center is-layout-flex wp-container-core-columns-is-layout-9d6595d7 wp-block-columns-is-layout-flex\">\n<div class=\"wp-block-column is-layout-flow wp-block-column-is-layout-flow\" style=\"flex-basis:62%\">\n<p><strong>Kontakt: <\/strong><\/p>\n\n\n\n<p>carolin.hansen.tp@gmail.com<br>0381 \/ 37 57 16 57<\/p>\n\n\n\n<p><\/p>\n<\/div>\n\n\n\n<div class=\"wp-block-column is-layout-flow wp-block-column-is-layout-flow\" style=\"flex-basis:38%\">\n<figure class=\"wp-block-image is-resized\"><img loading=\"lazy\" decoding=\"async\" width=\"301\" height=\"164\" src=\"https:\/\/schulhunde-mv.de\/wp-content\/uploads\/2023\/12\/Bild-5-Carolin-Hansen-3-Zu-meiner-Person-TP-Kontakt-ohne-Mail.png\" alt=\"\" class=\"wp-image-1148\" style=\"width:295px;height:auto\"\/><\/figure>\n<\/div>\n<\/div>\n\n\n\n<p>Website:  <a href=\"https:\/\/www.kuestenschule-rostock.de\/projekte\/tiergest\u00fctzte-p\u00e4dagogik\/\" target=\"_blank\" rel=\"noreferrer noopener\">www.kuestenschule-rostock.de\/carolin_hansen <\/a><\/p>\n\n\n\n<figure class=\"wp-block-image size-large is-resized\"><img loading=\"lazy\" decoding=\"async\" width=\"1024\" height=\"1024\" src=\"https:\/\/schulhunde-mv.de\/wp-content\/uploads\/2025\/04\/Logo-2024-QV-1-1024x1024.jpeg\" alt=\"\" class=\"wp-image-1461\" style=\"width:254px;height:auto\" srcset=\"https:\/\/schulhunde-mv.de\/wp-content\/uploads\/2025\/04\/Logo-2024-QV-1-1024x1024.jpeg 1024w, https:\/\/schulhunde-mv.de\/wp-content\/uploads\/2025\/04\/Logo-2024-QV-1-300x300.jpeg 300w, https:\/\/schulhunde-mv.de\/wp-content\/uploads\/2025\/04\/Logo-2024-QV-1-150x150.jpeg 150w, https:\/\/schulhunde-mv.de\/wp-content\/uploads\/2025\/04\/Logo-2024-QV-1-768x768.jpeg 768w, https:\/\/schulhunde-mv.de\/wp-content\/uploads\/2025\/04\/Logo-2024-QV-1-1536x1536.jpeg 1536w, https:\/\/schulhunde-mv.de\/wp-content\/uploads\/2025\/04\/Logo-2024-QV-1-1568x1568.jpeg 1568w, https:\/\/schulhunde-mv.de\/wp-content\/uploads\/2025\/04\/Logo-2024-QV-1.jpeg 1687w\" sizes=\"(max-width: 1024px) 100vw, 1024px\" \/><\/figure>\n","protected":false},"excerpt":{"rendered":"<p>Bei Beratungsbedarf oder bei Interesse, mich als Referentin f\u00fcr den Bereich `Tiergest\u00fctzte P\u00e4dagogik` anzufragen, melden Sie sich gern unter folgenden Kontaktm\u00f6glichkeiten: Kontakt: carolin.hansen.tp@gmail.com0381 \/ 37 57 16 57 Website: www.kuestenschule-rostock.de\/carolin_hansen<\/p>\n","protected":false},"author":1,"featured_media":0,"parent":0,"menu_order":0,"comment_status":"closed","ping_status":"closed","template":"","meta":{"footnotes":""},"class_list":["post-555","page","type-page","status-publish","hentry"],"_links":{"self":[{"href":"https:\/\/schulhunde-mv.de\/index.php?rest_route=\/wp\/v2\/pages\/555","targetHints":{"allow":["GET"]}}],"collection":[{"href":"https:\/\/schulhunde-mv.de\/index.php?rest_route=\/wp\/v2\/pages"}],"about":[{"href":"https:\/\/schulhunde-mv.de\/index.php?rest_route=\/wp\/v2\/types\/page"}],"author":[{"embeddable":true,"href":"https:\/\/schulhunde-mv.de\/index.php?rest_route=\/wp\/v2\/users\/1"}],"replies":[{"embeddable":true,"href":"https:\/\/schulhunde-mv.de\/index.php?rest_route=%2Fwp%2Fv2%2Fcomments&post=555"}],"version-history":[{"count":73,"href":"https:\/\/schulhunde-mv.de\/index.php?rest_route=\/wp\/v2\/pages\/555\/revisions"}],"predecessor-version":[{"id":1463,"href":"https:\/\/schulhunde-mv.de\/index.php?rest_route=\/wp\/v2\/pages\/555\/revisions\/1463"}],"wp:attachment":[{"href":"https:\/\/schulhunde-mv.de\/index.php?rest_route=%2Fwp%2Fv2%2Fmedia&parent=555"}],"curies":[{"name":"wp","href":"https:\/\/api.w.org\/{rel}","templated":true}]}}