{"id":757,"date":"2023-11-25T18:53:32","date_gmt":"2023-11-25T17:53:32","guid":{"rendered":"https:\/\/schulhunde-mv.de\/?page_id=757"},"modified":"2023-12-03T18:54:38","modified_gmt":"2023-12-03T17:54:38","slug":"anne-jahnke","status":"publish","type":"page","link":"https:\/\/schulhunde-mv.de\/?page_id=757","title":{"rendered":"Anne Jahnke"},"content":{"rendered":"\n<div class=\"wp-block-media-text is-stacked-on-mobile\" style=\"grid-template-columns:31% auto\"><figure class=\"wp-block-media-text__media\"><img loading=\"lazy\" decoding=\"async\" width=\"570\" height=\"1024\" src=\"https:\/\/schulhunde-mv.de\/wp-content\/uploads\/2023\/11\/IMG_2638-570x1024.jpeg\" alt=\"\" class=\"wp-image-762 size-full\" srcset=\"https:\/\/schulhunde-mv.de\/wp-content\/uploads\/2023\/11\/IMG_2638-570x1024.jpeg 570w, https:\/\/schulhunde-mv.de\/wp-content\/uploads\/2023\/11\/IMG_2638-167x300.jpeg 167w, https:\/\/schulhunde-mv.de\/wp-content\/uploads\/2023\/11\/IMG_2638.jpeg 577w\" sizes=\"(max-width: 570px) 100vw, 570px\" \/><\/figure><div class=\"wp-block-media-text__content\">\n<p>Ich m\u00f6chte mich kurz vorstellen: Mein Name ist Anne, und ich arbeite seit Jahren mit einem Schulhund. Mein treuer Gef\u00e4hrte in all diesen Jahren war G\u00fcnter, mein Pudel, der nun wohlverdient in den Ruhestand gegangen ist.<\/p>\n\n\n\n<p>Die Arbeit mit Schulhunden ist f\u00fcr mich nicht nur ein Beruf, sondern eine leidenschaftliche Berufung. Der Einfluss von Tieren in schulischen Umgebungen ist unbestreitbar, und ich freue mich, Teil dieses positiven Beitrags zu sein.<\/p>\n\n\n\n<p><\/p>\n\n\n\n<p><\/p>\n<\/div><\/div>\n\n\n\n<div class=\"wp-block-media-text has-media-on-the-right is-stacked-on-mobile\"><div class=\"wp-block-media-text__content\">\n<p><a href=\"https:\/\/schulhundmitkopf.de\/\">Schulhundmitkopf.de<\/a> ist meine Website, die ich betreibe, um die ersten Schritte f\u00fcr einen Schulhund in der Schule aufzuzeigen. <\/p>\n<\/div><figure class=\"wp-block-media-text__media\"><img loading=\"lazy\" decoding=\"async\" width=\"516\" height=\"303\" src=\"https:\/\/schulhunde-mv.de\/wp-content\/uploads\/2023\/11\/IMG_3121.png\" alt=\"\" class=\"wp-image-783 size-full\" srcset=\"https:\/\/schulhunde-mv.de\/wp-content\/uploads\/2023\/11\/IMG_3121.png 516w, https:\/\/schulhunde-mv.de\/wp-content\/uploads\/2023\/11\/IMG_3121-300x176.png 300w\" sizes=\"(max-width: 516px) 100vw, 516px\" \/><\/figure><\/div>\n","protected":false},"excerpt":{"rendered":"<p>Ich m\u00f6chte mich kurz vorstellen: Mein Name ist Anne, und ich arbeite seit Jahren mit einem Schulhund. Mein treuer Gef\u00e4hrte in all diesen Jahren war G\u00fcnter, mein Pudel, der nun wohlverdient in den Ruhestand gegangen ist. Die Arbeit mit Schulhunden ist f\u00fcr mich nicht nur ein Beruf, sondern eine leidenschaftliche Berufung. Der Einfluss von Tieren [&hellip;]<\/p>\n","protected":false},"author":1,"featured_media":0,"parent":0,"menu_order":0,"comment_status":"closed","ping_status":"closed","template":"","meta":{"footnotes":""},"class_list":["post-757","page","type-page","status-publish","hentry"],"_links":{"self":[{"href":"https:\/\/schulhunde-mv.de\/index.php?rest_route=\/wp\/v2\/pages\/757","targetHints":{"allow":["GET"]}}],"collection":[{"href":"https:\/\/schulhunde-mv.de\/index.php?rest_route=\/wp\/v2\/pages"}],"about":[{"href":"https:\/\/schulhunde-mv.de\/index.php?rest_route=\/wp\/v2\/types\/page"}],"author":[{"embeddable":true,"href":"https:\/\/schulhunde-mv.de\/index.php?rest_route=\/wp\/v2\/users\/1"}],"replies":[{"embeddable":true,"href":"https:\/\/schulhunde-mv.de\/index.php?rest_route=%2Fwp%2Fv2%2Fcomments&post=757"}],"version-history":[{"count":11,"href":"https:\/\/schulhunde-mv.de\/index.php?rest_route=\/wp\/v2\/pages\/757\/revisions"}],"predecessor-version":[{"id":950,"href":"https:\/\/schulhunde-mv.de\/index.php?rest_route=\/wp\/v2\/pages\/757\/revisions\/950"}],"wp:attachment":[{"href":"https:\/\/schulhunde-mv.de\/index.php?rest_route=%2Fwp%2Fv2%2Fmedia&parent=757"}],"curies":[{"name":"wp","href":"https:\/\/api.w.org\/{rel}","templated":true}]}}